{"id":588,"date":"2019-05-27T07:08:10","date_gmt":"2019-05-27T04:08:10","guid":{"rendered":"https:\/\/polimaris.com\/front-page\/"},"modified":"2025-06-11T10:18:07","modified_gmt":"2025-06-11T07:18:07","slug":"front-page","status":"publish","type":"page","link":"https:\/\/polimaris.com\/et\/","title":{"rendered":"Esileht"},"content":{"rendered":"","protected":false},"excerpt":{"rendered":"","protected":false},"author":1,"featured_media":0,"parent":0,"menu_order":0,"comment_status":"closed","ping_status":"closed","template":"","meta":{"_acf_changed":false,"footnotes":""},"class_list":["post-588","page","type-page","status-publish","hentry"],"acf":[],"yoast_head":"<!-- This site is optimized with the Yoast SEO plugin v25.3 - https:\/\/yoast.com\/wordpress\/plugins\/seo\/ -->\n<title>Polimaris - Usaldusv\u00e4\u00e4rne partner isolatsioonis ja pinnakatetes<\/title>\n<meta name=\"description\" content=\"Polimaris on t\u00f5husate ja j\u00e4tkusuutlike PUR-vahu ja pol\u00fcuureaga lahenduste tarnija ehitus-, t\u00f6\u00f6stus- ja merenduse jaoks.\" \/>\n<meta name=\"robots\" content=\"index, follow, max-snippet:-1, max-image-preview:large, max-video-preview:-1\" \/>\n<link rel=\"canonical\" href=\"https:\/\/polimaris.com\/et\/\" \/>\n<meta property=\"og:locale\" content=\"et_EE\" \/>\n<meta property=\"og:type\" content=\"article\" \/>\n<meta property=\"og:title\" content=\"Polimaris - Usaldusv\u00e4\u00e4rne partner isolatsioonis ja pinnakatetes\" \/>\n<meta property=\"og:description\" content=\"Polimaris on t\u00f5husate ja j\u00e4tkusuutlike PUR-vahu ja pol\u00fcuureaga lahenduste tarnija ehitus-, t\u00f6\u00f6stus- ja merenduse jaoks.\" \/>\n<meta property=\"og:url\" content=\"https:\/\/polimaris.com\/et\/\" \/>\n<meta property=\"og:site_name\" content=\"Polimaris\" \/>\n<meta property=\"article:modified_time\" content=\"2025-06-11T07:18:07+00:00\" \/>\n<meta name=\"twitter:card\" content=\"summary_large_image\" \/>\n<script type=\"application\/ld+json\" class=\"yoast-schema-graph\">{\"@context\":\"https:\/\/schema.org\",\"@graph\":[{\"@type\":\"WebPage\",\"@id\":\"https:\/\/polimaris.com\/et\/\",\"url\":\"https:\/\/polimaris.com\/et\/\",\"name\":\"Polimaris - Usaldusv\u00e4\u00e4rne partner isolatsioonis ja pinnakatetes\",\"isPartOf\":{\"@id\":\"https:\/\/polimaris.com\/et\/#website\"},\"datePublished\":\"2019-05-27T04:08:10+00:00\",\"dateModified\":\"2025-06-11T07:18:07+00:00\",\"description\":\"Polimaris on t\u00f5husate ja j\u00e4tkusuutlike PUR-vahu ja pol\u00fcuureaga lahenduste tarnija ehitus-, t\u00f6\u00f6stus- ja merenduse jaoks.\",\"breadcrumb\":{\"@id\":\"https:\/\/polimaris.com\/et\/#breadcrumb\"},\"inLanguage\":\"et\",\"potentialAction\":[{\"@type\":\"ReadAction\",\"target\":[\"https:\/\/polimaris.com\/et\/\"]}]},{\"@type\":\"BreadcrumbList\",\"@id\":\"https:\/\/polimaris.com\/et\/#breadcrumb\",\"itemListElement\":[{\"@type\":\"ListItem\",\"position\":1,\"name\":\"Home\",\"item\":\"https:\/\/polimaris.com\/et\/\"},{\"@type\":\"ListItem\",\"position\":2,\"name\":\"Esileht\"}]},{\"@type\":\"WebSite\",\"@id\":\"https:\/\/polimaris.com\/et\/#website\",\"url\":\"https:\/\/polimaris.com\/et\/\",\"name\":\"Polimaris\",\"description\":\"\",\"potentialAction\":[{\"@type\":\"SearchAction\",\"target\":{\"@type\":\"EntryPoint\",\"urlTemplate\":\"https:\/\/polimaris.com\/et\/?s={search_term_string}\"},\"query-input\":{\"@type\":\"PropertyValueSpecification\",\"valueRequired\":true,\"valueName\":\"search_term_string\"}}],\"inLanguage\":\"et\"}]}<\/script>\n<!-- \/ Yoast SEO plugin. -->","yoast_head_json":{"title":"Polimaris - Usaldusv\u00e4\u00e4rne partner isolatsioonis ja pinnakatetes","description":"Polimaris on t\u00f5husate ja j\u00e4tkusuutlike PUR-vahu ja pol\u00fcuureaga lahenduste tarnija ehitus-, t\u00f6\u00f6stus- ja merenduse jaoks.","robots":{"index":"index","follow":"follow","max-snippet":"max-snippet:-1","max-image-preview":"max-image-preview:large","max-video-preview":"max-video-preview:-1"},"canonical":"https:\/\/polimaris.com\/et\/","og_locale":"et_EE","og_type":"article","og_title":"Polimaris - Usaldusv\u00e4\u00e4rne partner isolatsioonis ja pinnakatetes","og_description":"Polimaris on t\u00f5husate ja j\u00e4tkusuutlike PUR-vahu ja pol\u00fcuureaga lahenduste tarnija ehitus-, t\u00f6\u00f6stus- ja merenduse jaoks.","og_url":"https:\/\/polimaris.com\/et\/","og_site_name":"Polimaris","article_modified_time":"2025-06-11T07:18:07+00:00","twitter_card":"summary_large_image","schema":{"@context":"https:\/\/schema.org","@graph":[{"@type":"WebPage","@id":"https:\/\/polimaris.com\/et\/","url":"https:\/\/polimaris.com\/et\/","name":"Polimaris - Usaldusv\u00e4\u00e4rne partner isolatsioonis ja pinnakatetes","isPartOf":{"@id":"https:\/\/polimaris.com\/et\/#website"},"datePublished":"2019-05-27T04:08:10+00:00","dateModified":"2025-06-11T07:18:07+00:00","description":"Polimaris on t\u00f5husate ja j\u00e4tkusuutlike PUR-vahu ja pol\u00fcuureaga lahenduste tarnija ehitus-, t\u00f6\u00f6stus- ja merenduse jaoks.","breadcrumb":{"@id":"https:\/\/polimaris.com\/et\/#breadcrumb"},"inLanguage":"et","potentialAction":[{"@type":"ReadAction","target":["https:\/\/polimaris.com\/et\/"]}]},{"@type":"BreadcrumbList","@id":"https:\/\/polimaris.com\/et\/#breadcrumb","itemListElement":[{"@type":"ListItem","position":1,"name":"Home","item":"https:\/\/polimaris.com\/et\/"},{"@type":"ListItem","position":2,"name":"Esileht"}]},{"@type":"WebSite","@id":"https:\/\/polimaris.com\/et\/#website","url":"https:\/\/polimaris.com\/et\/","name":"Polimaris","description":"","potentialAction":[{"@type":"SearchAction","target":{"@type":"EntryPoint","urlTemplate":"https:\/\/polimaris.com\/et\/?s={search_term_string}"},"query-input":{"@type":"PropertyValueSpecification","valueRequired":true,"valueName":"search_term_string"}}],"inLanguage":"et"}]}},"_links":{"self":[{"href":"https:\/\/polimaris.com\/et\/wp-json\/wp\/v2\/pages\/588","targetHints":{"allow":["GET"]}}],"collection":[{"href":"https:\/\/polimaris.com\/et\/wp-json\/wp\/v2\/pages"}],"about":[{"href":"https:\/\/polimaris.com\/et\/wp-json\/wp\/v2\/types\/page"}],"author":[{"embeddable":true,"href":"https:\/\/polimaris.com\/et\/wp-json\/wp\/v2\/users\/1"}],"replies":[{"embeddable":true,"href":"https:\/\/polimaris.com\/et\/wp-json\/wp\/v2\/comments?post=588"}],"version-history":[{"count":34,"href":"https:\/\/polimaris.com\/et\/wp-json\/wp\/v2\/pages\/588\/revisions"}],"predecessor-version":[{"id":1490,"href":"https:\/\/polimaris.com\/et\/wp-json\/wp\/v2\/pages\/588\/revisions\/1490"}],"wp:attachment":[{"href":"https:\/\/polimaris.com\/et\/wp-json\/wp\/v2\/media?parent=588"}],"curies":[{"name":"wp","href":"https:\/\/api.w.org\/{rel}","templated":true}]}}